{"id":5189,"date":"2025-09-29T17:52:35","date_gmt":"2025-09-29T21:52:35","guid":{"rendered":"https:\/\/amyotgelinas.com\/dna\/"},"modified":"2026-02-19T19:13:05","modified_gmt":"2026-02-20T00:13:05","slug":"dna","status":"publish","type":"page","link":"https:\/\/amyotgelinas.com\/en\/dna\/","title":{"rendered":"DNA"},"content":{"rendered":"\t\t<div data-elementor-type=\"wp-page\" data-elementor-id=\"5189\" class=\"elementor elementor-5189 elementor-43\" data-elementor-post-type=\"page\">\n\t\t\t\t<div class=\"elementor-element elementor-element-3485d32b e-con-full e-flex e-con e-parent\" data-id=\"3485d32b\" data-element_type=\"container\" data-e-type=\"container\">\n\t\t<div class=\"elementor-element elementor-element-7ae1e288 e-con-full e-flex e-con e-child\" data-id=\"7ae1e288\" data-element_type=\"container\" data-e-type=\"container\">\n\t\t\t\t<div data-dce-title-color=\"#FFFFFF\" class=\"elementor-element elementor-element-1d69e469 elementor-widget elementor-widget-heading\" data-id=\"1d69e469\" data-element_type=\"widget\" data-e-type=\"widget\" data-widget_type=\"heading.default\">\n\t\t\t\t<div class=\"elementor-widget-container\">\n\t\t\t\t\t<h2 class=\"elementor-heading-title elementor-size-default\">Amyot G\u00e9linas: with you, close to you<\/h2>\t\t\t\t<\/div>\n\t\t\t\t<\/div>\n\t\t\t\t<div class=\"elementor-element elementor-element-45a12c0d elementor-widget elementor-widget-text-editor\" data-id=\"45a12c0d\" data-element_type=\"widget\" data-e-type=\"widget\" data-widget_type=\"text-editor.default\">\n\t\t\t\t<div class=\"elementor-widget-container\">\n\t\t\t\t\t\t\t\t\t<p>Amyot G\u00e9linas, a firm of chartered professional accountants, is a leading provider of accounting, tax and consulting services on Montreal&#8217;s North Shore.<\/p><p>Amyot G\u00e9linas is one of the 25 largest accounting firms in Quebec. It&#8217;s a large team of nearly 150 dedicated professionals, present in Ste-Agathe-des-Monts, Mont-Tremblant, Blainville, St-J\u00e9r\u00f4me, Ste-Ad\u00e8le, Rivi\u00e8re-Rouge and Repentigny. <\/p><p>Much more than an accounting services firm, our full-service offering meets all our customers&#8217; business needs. Since 1994, we&#8217;ve been helping our customers and the North Shore business community make the best business decisions, large and small. <\/p>\t\t\t\t\t\t\t\t<\/div>\n\t\t\t\t<\/div>\n\t\t\t\t<\/div>\n\t\t<div class=\"elementor-element elementor-element-22446df0 e-con-full e-flex e-con e-child\" data-id=\"22446df0\" data-element_type=\"container\" data-e-type=\"container\">\n\t\t\t\t<div class=\"elementor-element elementor-element-168ae3a3 dce_masking-none elementor-widget elementor-widget-image\" data-id=\"168ae3a3\" data-element_type=\"widget\" data-e-type=\"widget\" data-widget_type=\"image.default\">\n\t\t\t\t<div class=\"elementor-widget-container\">\n\t\t\t\t\t\t\t\t\t\t\t\t\t\t\t<img fetchpriority=\"high\" decoding=\"async\" width=\"1353\" height=\"900\" src=\"https:\/\/amyotgelinas.com\/wp-content\/uploads\/2025\/11\/Clarte-et-perspective.jpg\" class=\"attachment-1536x1536 size-1536x1536 wp-image-5191\" alt=\"Clarity and perspective\" srcset=\"https:\/\/amyotgelinas.com\/wp-content\/uploads\/2025\/11\/Clarte-et-perspective.jpg 1353w, https:\/\/amyotgelinas.com\/wp-content\/uploads\/2025\/11\/Clarte-et-perspective-300x200.jpg 300w, https:\/\/amyotgelinas.com\/wp-content\/uploads\/2025\/11\/Clarte-et-perspective-1024x681.jpg 1024w, https:\/\/amyotgelinas.com\/wp-content\/uploads\/2025\/11\/Clarte-et-perspective-768x511.jpg 768w\" sizes=\"(max-width: 1353px) 100vw, 1353px\" loading=\"eager\" \/>\t\t\t\t\t\t\t\t\t\t\t\t\t\t\t<\/div>\n\t\t\t\t<\/div>\n\t\t\t\t<div class=\"elementor-element elementor-element-57aefd5b elementor-absolute e-transform dce_masking-none elementor-widget elementor-widget-image\" data-id=\"57aefd5b\" data-element_type=\"widget\" data-e-type=\"widget\" data-settings=\"{&quot;_position&quot;:&quot;absolute&quot;,&quot;motion_fx_motion_fx_scrolling&quot;:&quot;yes&quot;,&quot;motion_fx_translateY_effect&quot;:&quot;yes&quot;,&quot;_transform_rotateZ_effect&quot;:{&quot;unit&quot;:&quot;px&quot;,&quot;size&quot;:90,&quot;sizes&quot;:[]},&quot;motion_fx_translateY_speed&quot;:{&quot;unit&quot;:&quot;px&quot;,&quot;size&quot;:4,&quot;sizes&quot;:[]},&quot;motion_fx_translateY_affectedRange&quot;:{&quot;unit&quot;:&quot;%&quot;,&quot;size&quot;:&quot;&quot;,&quot;sizes&quot;:{&quot;start&quot;:0,&quot;end&quot;:100}},&quot;motion_fx_devices&quot;:[&quot;desktop&quot;,&quot;tablet&quot;,&quot;mobile&quot;],&quot;_transform_rotateZ_effect_tablet&quot;:{&quot;unit&quot;:&quot;deg&quot;,&quot;size&quot;:&quot;&quot;,&quot;sizes&quot;:[]},&quot;_transform_rotateZ_effect_mobile&quot;:{&quot;unit&quot;:&quot;deg&quot;,&quot;size&quot;:&quot;&quot;,&quot;sizes&quot;:[]}}\" data-widget_type=\"image.default\">\n\t\t\t\t<div class=\"elementor-widget-container\">\n\t\t\t\t\t\t\t\t\t\t\t\t\t\t\t<img decoding=\"async\" width=\"300\" height=\"300\" src=\"https:\/\/amyotgelinas.com\/wp-content\/uploads\/2025\/10\/El-Graph-Jaune-300x300.png\" class=\"attachment-medium size-medium wp-image-4240\" alt=\"El Graph Yellow\" srcset=\"https:\/\/amyotgelinas.com\/wp-content\/uploads\/2025\/10\/El-Graph-Jaune-300x300.png 300w, https:\/\/amyotgelinas.com\/wp-content\/uploads\/2025\/10\/El-Graph-Jaune-1024x1022.png 1024w, https:\/\/amyotgelinas.com\/wp-content\/uploads\/2025\/10\/El-Graph-Jaune-150x150.png 150w, https:\/\/amyotgelinas.com\/wp-content\/uploads\/2025\/10\/El-Graph-Jaune-768x767.png 768w, https:\/\/amyotgelinas.com\/wp-content\/uploads\/2025\/10\/El-Graph-Jaune.png 1042w\" sizes=\"(max-width: 300px) 100vw, 300px\" loading=\"eager\" \/>\t\t\t\t\t\t\t\t\t\t\t\t\t\t\t<\/div>\n\t\t\t\t<\/div>\n\t\t\t\t<\/div>\n\t\t\t\t<\/div>\n\t\t<div class=\"elementor-element elementor-element-dd3e80c e-flex e-con-boxed e-con e-parent\" data-id=\"dd3e80c\" data-element_type=\"container\" data-e-type=\"container\" data-settings=\"{&quot;background_background&quot;:&quot;classic&quot;}\">\n\t\t\t\t\t<div class=\"e-con-inner\">\n\t\t\t\t<div class=\"elementor-element elementor-element-122d522 elementor-widget elementor-widget-heading\" data-id=\"122d522\" data-element_type=\"widget\" data-e-type=\"widget\" data-widget_type=\"heading.default\">\n\t\t\t\t<div class=\"elementor-widget-container\">\n\t\t\t\t\t<h3 class=\"elementor-heading-title elementor-size-default\">We offer clarity and perspective to help you reach new heights.<\/h3>\t\t\t\t<\/div>\n\t\t\t\t<\/div>\n\t\t\t\t\t<\/div>\n\t\t\t\t<\/div>\n\t\t<div class=\"elementor-element elementor-element-1bd55f1 e-con-full e-flex e-con e-parent\" data-id=\"1bd55f1\" data-element_type=\"container\" data-e-type=\"container\" data-settings=\"{&quot;background_background&quot;:&quot;classic&quot;}\">\n\t\t<div class=\"elementor-element elementor-element-401e1e29 e-con-full e-flex e-con e-child\" data-id=\"401e1e29\" data-element_type=\"container\" data-e-type=\"container\">\n\t\t\t\t<div class=\"elementor-element elementor-element-74e6f5f6 dce_masking-none elementor-widget elementor-widget-image\" data-id=\"74e6f5f6\" data-element_type=\"widget\" data-e-type=\"widget\" data-widget_type=\"image.default\">\n\t\t\t\t<div class=\"elementor-widget-container\">\n\t\t\t\t\t\t\t\t\t\t\t\t\t\t\t<img decoding=\"async\" width=\"1022\" height=\"1536\" src=\"https:\/\/spcdn.shortpixel.ai\/spio\/ret_img,q_cdnize,to_webp,s_webp\/amyotgelinas.com\/wp-content\/uploads\/2025\/11\/Engagement-1022x1536.jpg\" class=\"attachment-1536x1536 size-1536x1536 wp-image-5192\" alt=\"Commitment\" srcset=\"https:\/\/spcdn.shortpixel.ai\/spio\/ret_img,q_cdnize,to_webp,s_webp\/amyotgelinas.com\/wp-content\/uploads\/2025\/11\/Engagement-1022x1536.jpg 1022w, https:\/\/spcdn.shortpixel.ai\/spio\/ret_img,q_cdnize,to_webp,s_webp\/amyotgelinas.com\/wp-content\/uploads\/2025\/11\/Engagement-200x300.jpg 200w, https:\/\/spcdn.shortpixel.ai\/spio\/ret_img,q_cdnize,to_webp,s_webp\/amyotgelinas.com\/wp-content\/uploads\/2025\/11\/Engagement-681x1024.jpg 681w, https:\/\/spcdn.shortpixel.ai\/spio\/ret_img,q_cdnize,to_webp,s_webp\/amyotgelinas.com\/wp-content\/uploads\/2025\/11\/Engagement-768x1154.jpg 768w, https:\/\/spcdn.shortpixel.ai\/spio\/ret_img,q_cdnize,to_webp,s_webp\/amyotgelinas.com\/wp-content\/uploads\/2025\/11\/Engagement-1363x2048.jpg 1363w, https:\/\/spcdn.shortpixel.ai\/spio\/ret_img,q_cdnize,to_webp,s_webp\/amyotgelinas.com\/wp-content\/uploads\/2025\/11\/Engagement.jpg 1500w\" sizes=\"(max-width: 1022px) 100vw, 1022px\" loading=\"eager\" \/>\t\t\t\t\t\t\t\t\t\t\t\t\t\t\t<\/div>\n\t\t\t\t<\/div>\n\t\t\t\t<div class=\"elementor-element elementor-element-21bd2049 elementor-absolute dce_masking-none elementor-widget elementor-widget-image\" data-id=\"21bd2049\" data-element_type=\"widget\" data-e-type=\"widget\" data-settings=\"{&quot;_position&quot;:&quot;absolute&quot;,&quot;motion_fx_motion_fx_scrolling&quot;:&quot;yes&quot;,&quot;motion_fx_rotateZ_effect&quot;:&quot;yes&quot;,&quot;motion_fx_rotateZ_direction&quot;:&quot;negative&quot;,&quot;motion_fx_rotateZ_speed&quot;:{&quot;unit&quot;:&quot;px&quot;,&quot;size&quot;:1,&quot;sizes&quot;:[]},&quot;motion_fx_rotateZ_affectedRange&quot;:{&quot;unit&quot;:&quot;%&quot;,&quot;size&quot;:&quot;&quot;,&quot;sizes&quot;:{&quot;start&quot;:0,&quot;end&quot;:100}},&quot;motion_fx_devices&quot;:[&quot;desktop&quot;,&quot;tablet&quot;,&quot;mobile&quot;]}\" data-widget_type=\"image.default\">\n\t\t\t\t<div class=\"elementor-widget-container\">\n\t\t\t\t\t\t\t\t\t\t\t\t\t\t\t<img decoding=\"async\" width=\"300\" height=\"298\" src=\"https:\/\/amyotgelinas.com\/wp-content\/uploads\/2025\/10\/El-Graph-Noir-Jaune-300x298.png\" class=\"attachment-medium size-medium wp-image-4231\" alt=\"El Graph Black Yellow\" srcset=\"https:\/\/amyotgelinas.com\/wp-content\/uploads\/2025\/10\/El-Graph-Noir-Jaune-300x298.png 300w, https:\/\/amyotgelinas.com\/wp-content\/uploads\/2025\/10\/El-Graph-Noir-Jaune-1024x1016.png 1024w, https:\/\/amyotgelinas.com\/wp-content\/uploads\/2025\/10\/El-Graph-Noir-Jaune-150x150.png 150w, https:\/\/amyotgelinas.com\/wp-content\/uploads\/2025\/10\/El-Graph-Noir-Jaune-768x762.png 768w, https:\/\/amyotgelinas.com\/wp-content\/uploads\/2025\/10\/El-Graph-Noir-Jaune-1536x1524.png 1536w, https:\/\/amyotgelinas.com\/wp-content\/uploads\/2025\/10\/El-Graph-Noir-Jaune.png 2000w\" sizes=\"(max-width: 300px) 100vw, 300px\" loading=\"eager\" \/>\t\t\t\t\t\t\t\t\t\t\t\t\t\t\t<\/div>\n\t\t\t\t<\/div>\n\t\t\t\t<\/div>\n\t\t<div class=\"elementor-element elementor-element-3755de0e e-con-full e-flex e-con e-child\" data-id=\"3755de0e\" data-element_type=\"container\" data-e-type=\"container\">\n\t\t\t\t<div data-dce-title-color=\"#FFFFFF\" class=\"elementor-element elementor-element-369b24b elementor-widget elementor-widget-heading\" data-id=\"369b24b\" data-element_type=\"widget\" data-e-type=\"widget\" data-widget_type=\"heading.default\">\n\t\t\t\t<div class=\"elementor-widget-container\">\n\t\t\t\t\t<h2 class=\"elementor-heading-title elementor-size-default\">What sets us apart:\nCommitment\n<\/h2>\t\t\t\t<\/div>\n\t\t\t\t<\/div>\n\t\t\t\t<div class=\"elementor-element elementor-element-461f7676 elementor-widget elementor-widget-text-editor\" data-id=\"461f7676\" data-element_type=\"widget\" data-e-type=\"widget\" data-widget_type=\"text-editor.default\">\n\t\t\t\t<div class=\"elementor-widget-container\">\n\t\t\t\t\t\t\t\t\t<p>If we had to choose just one word to express who Amyot G\u00e9linas is, it would be <b>commitment<\/b>.<\/p><p>When you do business with us, you&#8217;re not just entrusting us with a mandate, you&#8217;re looking for answers that can help you go further, succeed. You&#8217;ve placed your trust in us, and we&#8217;ll do everything in our power to live up to it. <\/p><p>We are committed to your success and that of your company. We know it&#8217;s not always easy to lead and decide, day after day. That it can be lonely.   That your questions may arise at any time&#8230; That&#8217;s why we&#8217;re committed to answering you as quickly as possible, and always lending you an attentive ear.  <\/p><p>Whether you talk to R\u00e9mi, Marie-Claude, Catherine, Suzie, Hugo, C\u00e9drick, Alexandre, Jessica, Karine, Nicolas, Lise, Patrice, Virginie&#8230; You&#8217;ll always feel that all Amyot G\u00e9linas professionals have your best interests at heart and will do everything in their power to answer your questions and free your mind.<\/p>\t\t\t\t\t\t\t\t<\/div>\n\t\t\t\t<\/div>\n\t\t\t\t<\/div>\n\t\t\t\t<\/div>\n\t\t<div class=\"elementor-element elementor-element-54068424 e-con-full e-flex e-con e-parent\" data-id=\"54068424\" data-element_type=\"container\" data-e-type=\"container\">\n\t\t<div class=\"elementor-element elementor-element-86089f8 e-con-full e-flex e-con e-child\" data-id=\"86089f8\" data-element_type=\"container\" data-e-type=\"container\">\n\t\t\t\t<div data-dce-title-color=\"#FFFFFF\" class=\"elementor-element elementor-element-e3ff2b8 elementor-widget elementor-widget-heading\" data-id=\"e3ff2b8\" data-element_type=\"widget\" data-e-type=\"widget\" data-widget_type=\"heading.default\">\n\t\t\t\t<div class=\"elementor-widget-container\">\n\t\t\t\t\t<h2 class=\"elementor-heading-title elementor-size-default\">A personalized approach because every company is unique<\/h2>\t\t\t\t<\/div>\n\t\t\t\t<\/div>\n\t\t\t\t<div class=\"elementor-element elementor-element-3f43ca78 elementor-widget elementor-widget-text-editor\" data-id=\"3f43ca78\" data-element_type=\"widget\" data-e-type=\"widget\" data-widget_type=\"text-editor.default\">\n\t\t\t\t<div class=\"elementor-widget-container\">\n\t\t\t\t\t\t\t\t\t<p>Our <b>flexible, personalized approach<\/b> enables us to provide you with solutions that are truly tailored to your organization&#8217;s situation and your specific needs.  <\/p><p>Our <b>entrepreneurial thinking<\/b> brings pragmatism to our methods and recommendations. You&#8217;ll be able to put them into practice and take action quickly. <\/p><p>Our <b>multi-service<\/b> offering and the diverse yet complementary perspectives of our experts will help you understand the risks and opportunities you face, and make the best possible decisions.<\/p><p>Our contribution is based on respect for your reality. That&#8217;s why we always work within a <b>defined <\/b> <b>budget framework<\/b> that respects your financial plan and ensures there are no unpleasant surprises. <\/p>\t\t\t\t\t\t\t\t<\/div>\n\t\t\t\t<\/div>\n\t\t\t\t<div class=\"elementor-element elementor-element-10280ba0 elementor-widget elementor-widget-button\" data-id=\"10280ba0\" data-element_type=\"widget\" data-e-type=\"widget\" data-widget_type=\"button.default\">\n\t\t\t\t<div class=\"elementor-widget-container\">\n\t\t\t\t\t\t\t\t\t<div class=\"elementor-button-wrapper\">\n\t\t\t\t\t<a class=\"elementor-button elementor-button-link elementor-size-sm elementor-animation-float\" href=\"https:\/\/amyotgelinas.com\/en\/dna\/our-approach\/\">\n\t\t\t\t\t\t<span class=\"elementor-button-content-wrapper\">\n\t\t\t\t\t\t\t\t\t<span class=\"elementor-button-text\">Learn more about our approach<\/span>\n\t\t\t\t\t<\/span>\n\t\t\t\t\t<\/a>\n\t\t\t\t<\/div>\n\t\t\t\t\t\t\t\t<\/div>\n\t\t\t\t<\/div>\n\t\t\t\t<\/div>\n\t\t<div class=\"elementor-element elementor-element-6891e1ec e-con-full e-flex e-con e-child\" data-id=\"6891e1ec\" data-element_type=\"container\" data-e-type=\"container\">\n\t\t\t\t<div class=\"elementor-element elementor-element-2c040b43 dce_masking-none elementor-widget elementor-widget-image\" data-id=\"2c040b43\" data-element_type=\"widget\" data-e-type=\"widget\" data-widget_type=\"image.default\">\n\t\t\t\t<div class=\"elementor-widget-container\">\n\t\t\t\t\t\t\t\t\t\t\t\t\t\t\t<img decoding=\"async\" width=\"681\" height=\"1024\" src=\"https:\/\/amyotgelinas.com\/wp-content\/uploads\/2025\/11\/Approche-personnalisee-681x1024.jpg\" class=\"attachment-large size-large wp-image-5193\" alt=\"Customized approach\" srcset=\"https:\/\/amyotgelinas.com\/wp-content\/uploads\/2025\/11\/Approche-personnalisee-681x1024.jpg 681w, https:\/\/amyotgelinas.com\/wp-content\/uploads\/2025\/11\/Approche-personnalisee-200x300.jpg 200w, https:\/\/amyotgelinas.com\/wp-content\/uploads\/2025\/11\/Approche-personnalisee-768x1154.jpg 768w, https:\/\/amyotgelinas.com\/wp-content\/uploads\/2025\/11\/Approche-personnalisee-1022x1536.jpg 1022w, https:\/\/amyotgelinas.com\/wp-content\/uploads\/2025\/11\/Approche-personnalisee-1363x2048.jpg 1363w, https:\/\/amyotgelinas.com\/wp-content\/uploads\/2025\/11\/Approche-personnalisee.jpg 1500w\" sizes=\"(max-width: 681px) 100vw, 681px\" loading=\"eager\" \/>\t\t\t\t\t\t\t\t\t\t\t\t\t\t\t<\/div>\n\t\t\t\t<\/div>\n\t\t\t\t<\/div>\n\t\t\t\t<\/div>\n\t\t<div class=\"elementor-element elementor-element-60385ad e-con-full e-flex e-con e-parent\" data-id=\"60385ad\" data-element_type=\"container\" data-e-type=\"container\" data-settings=\"{&quot;background_background&quot;:&quot;classic&quot;}\">\n\t\t<div class=\"elementor-element elementor-element-01109c2 e-con-full e-flex e-con e-child\" data-id=\"01109c2\" data-element_type=\"container\" data-e-type=\"container\">\n\t\t\t\t<div class=\"elementor-element elementor-element-13d3cee dce_masking-none elementor-widget elementor-widget-image\" data-id=\"13d3cee\" data-element_type=\"widget\" data-e-type=\"widget\" data-widget_type=\"image.default\">\n\t\t\t\t<div class=\"elementor-widget-container\">\n\t\t\t\t\t\t\t\t\t\t\t\t\t\t\t<img decoding=\"async\" width=\"1200\" height=\"800\" src=\"https:\/\/amyotgelinas.com\/wp-content\/uploads\/2025\/11\/Code-Excellence.jpg\" class=\"attachment-1536x1536 size-1536x1536 wp-image-5194\" alt=\"Code Excellence\" srcset=\"https:\/\/amyotgelinas.com\/wp-content\/uploads\/2025\/11\/Code-Excellence.jpg 1200w, https:\/\/amyotgelinas.com\/wp-content\/uploads\/2025\/11\/Code-Excellence-300x200.jpg 300w, https:\/\/amyotgelinas.com\/wp-content\/uploads\/2025\/11\/Code-Excellence-1024x683.jpg 1024w, https:\/\/amyotgelinas.com\/wp-content\/uploads\/2025\/11\/Code-Excellence-768x512.jpg 768w\" sizes=\"(max-width: 1200px) 100vw, 1200px\" loading=\"eager\" \/>\t\t\t\t\t\t\t\t\t\t\t\t\t\t\t<\/div>\n\t\t\t\t<\/div>\n\t\t\t\t<div class=\"elementor-element elementor-element-90ab570 elementor-absolute dce_masking-none elementor-widget elementor-widget-image\" data-id=\"90ab570\" data-element_type=\"widget\" data-e-type=\"widget\" data-settings=\"{&quot;_position&quot;:&quot;absolute&quot;,&quot;motion_fx_motion_fx_scrolling&quot;:&quot;yes&quot;,&quot;motion_fx_rotateZ_effect&quot;:&quot;yes&quot;,&quot;motion_fx_rotateZ_direction&quot;:&quot;negative&quot;,&quot;motion_fx_rotateZ_speed&quot;:{&quot;unit&quot;:&quot;px&quot;,&quot;size&quot;:1,&quot;sizes&quot;:[]},&quot;motion_fx_rotateZ_affectedRange&quot;:{&quot;unit&quot;:&quot;%&quot;,&quot;size&quot;:&quot;&quot;,&quot;sizes&quot;:{&quot;start&quot;:0,&quot;end&quot;:100}},&quot;motion_fx_devices&quot;:[&quot;desktop&quot;,&quot;tablet&quot;,&quot;mobile&quot;]}\" data-widget_type=\"image.default\">\n\t\t\t\t<div class=\"elementor-widget-container\">\n\t\t\t\t\t\t\t\t\t\t\t\t\t\t\t<img decoding=\"async\" width=\"300\" height=\"298\" src=\"https:\/\/amyotgelinas.com\/wp-content\/uploads\/2025\/10\/El-Graph-Noir-Jaune-300x298.png\" class=\"attachment-medium size-medium wp-image-4231\" alt=\"El Graph Black Yellow\" srcset=\"https:\/\/amyotgelinas.com\/wp-content\/uploads\/2025\/10\/El-Graph-Noir-Jaune-300x298.png 300w, https:\/\/amyotgelinas.com\/wp-content\/uploads\/2025\/10\/El-Graph-Noir-Jaune-1024x1016.png 1024w, https:\/\/amyotgelinas.com\/wp-content\/uploads\/2025\/10\/El-Graph-Noir-Jaune-150x150.png 150w, https:\/\/amyotgelinas.com\/wp-content\/uploads\/2025\/10\/El-Graph-Noir-Jaune-768x762.png 768w, https:\/\/amyotgelinas.com\/wp-content\/uploads\/2025\/10\/El-Graph-Noir-Jaune-1536x1524.png 1536w, https:\/\/amyotgelinas.com\/wp-content\/uploads\/2025\/10\/El-Graph-Noir-Jaune.png 2000w\" sizes=\"(max-width: 300px) 100vw, 300px\" loading=\"eager\" \/>\t\t\t\t\t\t\t\t\t\t\t\t\t\t\t<\/div>\n\t\t\t\t<\/div>\n\t\t\t\t<\/div>\n\t\t<div class=\"elementor-element elementor-element-f62d58e e-con-full e-flex e-con e-child\" data-id=\"f62d58e\" data-element_type=\"container\" data-e-type=\"container\">\n\t\t\t\t<div data-dce-title-color=\"#FFFFFF\" class=\"elementor-element elementor-element-a155bf8 elementor-widget elementor-widget-heading\" data-id=\"a155bf8\" data-element_type=\"widget\" data-e-type=\"widget\" data-widget_type=\"heading.default\">\n\t\t\t\t<div class=\"elementor-widget-container\">\n\t\t\t\t\t<h2 class=\"elementor-heading-title elementor-size-default\">Our code of excellence\n<\/h2>\t\t\t\t<\/div>\n\t\t\t\t<\/div>\n\t\t\t\t<div class=\"elementor-element elementor-element-36be44c elementor-widget elementor-widget-text-editor\" data-id=\"36be44c\" data-element_type=\"widget\" data-e-type=\"widget\" data-widget_type=\"text-editor.default\">\n\t\t\t\t<div class=\"elementor-widget-container\">\n\t\t\t\t\t\t\t\t\t<p>We are driven by a deep-seated desire not only to satisfy our customers, but also to exceed expectations. We have developed our Code of Excellence, which details our approach to customers. <\/p>\t\t\t\t\t\t\t\t<\/div>\n\t\t\t\t<\/div>\n\t\t\t\t<div class=\"elementor-element elementor-element-816e2fb elementor-widget elementor-widget-button\" data-id=\"816e2fb\" data-element_type=\"widget\" data-e-type=\"widget\" data-widget_type=\"button.default\">\n\t\t\t\t<div class=\"elementor-widget-container\">\n\t\t\t\t\t\t\t\t\t<div class=\"elementor-button-wrapper\">\n\t\t\t\t\t<a class=\"elementor-button elementor-button-link elementor-size-sm elementor-animation-float\" href=\"https:\/\/amyotgelinas.com\/en\/dna\/code-of-excellence\/\">\n\t\t\t\t\t\t<span class=\"elementor-button-content-wrapper\">\n\t\t\t\t\t\t\t\t\t<span class=\"elementor-button-text\">Discover our code of excellence<\/span>\n\t\t\t\t\t<\/span>\n\t\t\t\t\t<\/a>\n\t\t\t\t<\/div>\n\t\t\t\t\t\t\t\t<\/div>\n\t\t\t\t<\/div>\n\t\t\t\t<\/div>\n\t\t\t\t<\/div>\n\t\t<div class=\"elementor-element elementor-element-09cd9cf e-con-full e-flex e-con e-parent\" data-id=\"09cd9cf\" data-element_type=\"container\" data-e-type=\"container\">\n\t\t<div class=\"elementor-element elementor-element-6d1e425 e-con-full e-flex e-con e-child\" data-id=\"6d1e425\" data-element_type=\"container\" data-e-type=\"container\">\n\t\t\t\t<div data-dce-title-color=\"#FFFFFF\" class=\"elementor-element elementor-element-07910ac elementor-widget elementor-widget-heading\" data-id=\"07910ac\" data-element_type=\"widget\" data-e-type=\"widget\" data-widget_type=\"heading.default\">\n\t\t\t\t<div class=\"elementor-widget-container\">\n\t\t\t\t\t<h2 class=\"elementor-heading-title elementor-size-default\">Our community and social commitment<\/h2>\t\t\t\t<\/div>\n\t\t\t\t<\/div>\n\t\t\t\t<div class=\"elementor-element elementor-element-d9c0a56 elementor-widget elementor-widget-text-editor\" data-id=\"d9c0a56\" data-element_type=\"widget\" data-e-type=\"widget\" data-widget_type=\"text-editor.default\">\n\t\t\t\t<div class=\"elementor-widget-container\">\n\t\t\t\t\t\t\t\t\t<p>We&#8217;ve been actively involved in the Laurentian and Lanaudi\u00e8re communities for 30 years. Our professionals are people with heart, and know that beyond their expertise, they can also make a difference in the community. <\/p><p>We support and encourage members of the Amyot G\u00e9linas family to set up activities and get involved in causes that reflect our values and for which we feel a deep attachment.<\/p>\t\t\t\t\t\t\t\t<\/div>\n\t\t\t\t<\/div>\n\t\t\t\t<div class=\"elementor-element elementor-element-558d851 elementor-widget elementor-widget-button\" data-id=\"558d851\" data-element_type=\"widget\" data-e-type=\"widget\" data-widget_type=\"button.default\">\n\t\t\t\t<div class=\"elementor-widget-container\">\n\t\t\t\t\t\t\t\t\t<div class=\"elementor-button-wrapper\">\n\t\t\t\t\t<a class=\"elementor-button elementor-button-link elementor-size-sm elementor-animation-float\" href=\"https:\/\/amyotgelinas.com\/en\/dna\/community-and-social-commitment\/\">\n\t\t\t\t\t\t<span class=\"elementor-button-content-wrapper\">\n\t\t\t\t\t\t\t\t\t<span class=\"elementor-button-text\">Discover our social actions<\/span>\n\t\t\t\t\t<\/span>\n\t\t\t\t\t<\/a>\n\t\t\t\t<\/div>\n\t\t\t\t\t\t\t\t<\/div>\n\t\t\t\t<\/div>\n\t\t\t\t<\/div>\n\t\t<div class=\"elementor-element elementor-element-2df89b4 e-con-full e-flex e-con e-child\" data-id=\"2df89b4\" data-element_type=\"container\" data-e-type=\"container\">\n\t\t\t\t<div class=\"elementor-element elementor-element-0d0610e dce_masking-none elementor-widget elementor-widget-image\" data-id=\"0d0610e\" data-element_type=\"widget\" data-e-type=\"widget\" data-widget_type=\"image.default\">\n\t\t\t\t<div class=\"elementor-widget-container\">\n\t\t\t\t\t\t\t\t\t\t\t\t\t\t\t<img decoding=\"async\" width=\"800\" height=\"534\" src=\"https:\/\/spcdn.shortpixel.ai\/spio\/ret_img,q_cdnize,to_webp,s_webp\/amyotgelinas.com\/wp-content\/uploads\/2025\/11\/Communautaire-1024x683.jpg\" class=\"attachment-large size-large wp-image-5195\" alt=\"Community\" srcset=\"https:\/\/spcdn.shortpixel.ai\/spio\/ret_img,q_cdnize,to_webp,s_webp\/amyotgelinas.com\/wp-content\/uploads\/2025\/11\/Communautaire-1024x683.jpg 1024w, https:\/\/spcdn.shortpixel.ai\/spio\/ret_img,q_cdnize,to_webp,s_webp\/amyotgelinas.com\/wp-content\/uploads\/2025\/11\/Communautaire-300x200.jpg 300w, https:\/\/spcdn.shortpixel.ai\/spio\/ret_img,q_cdnize,to_webp,s_webp\/amyotgelinas.com\/wp-content\/uploads\/2025\/11\/Communautaire-768x512.jpg 768w, https:\/\/spcdn.shortpixel.ai\/spio\/ret_img,q_cdnize,to_webp,s_webp\/amyotgelinas.com\/wp-content\/uploads\/2025\/11\/Communautaire-1536x1024.jpg 1536w, https:\/\/spcdn.shortpixel.ai\/spio\/ret_img,q_cdnize,to_webp,s_webp\/amyotgelinas.com\/wp-content\/uploads\/2025\/11\/Communautaire.jpg 1800w\" sizes=\"(max-width: 800px) 100vw, 800px\" loading=\"eager\" \/>\t\t\t\t\t\t\t\t\t\t\t\t\t\t\t<\/div>\n\t\t\t\t<\/div>\n\t\t\t\t<\/div>\n\t\t\t\t<\/div>\n\t\t\t\t<\/div>\n\t\t","protected":false},"excerpt":{"rendered":"<p>Amyot G\u00e9linas: with you, close to you Amyot G\u00e9linas, a firm of chartered professional accountants, is a leading provider of accounting, tax and consulting services on Montreal&#8217;s North Shore. Amyot G\u00e9linas is one of the 25 largest accounting firms in Quebec. It&#8217;s a large team of nearly 150 dedicated professionals, present in Ste-Agathe-des-Monts, Mont-Tremblant, Blainville, [&hellip;]<\/p>\n","protected":false},"author":1,"featured_media":5196,"parent":0,"menu_order":0,"comment_status":"closed","ping_status":"closed","template":"","meta":{"_acf_changed":false,"footnotes":""},"class_list":["post-5189","page","type-page","status-publish","has-post-thumbnail","hentry"],"acf":[],"_links":{"self":[{"href":"https:\/\/amyotgelinas.com\/en\/wp-json\/wp\/v2\/pages\/5189","targetHints":{"allow":["GET"]}}],"collection":[{"href":"https:\/\/amyotgelinas.com\/en\/wp-json\/wp\/v2\/pages"}],"about":[{"href":"https:\/\/amyotgelinas.com\/en\/wp-json\/wp\/v2\/types\/page"}],"author":[{"embeddable":true,"href":"https:\/\/amyotgelinas.com\/en\/wp-json\/wp\/v2\/users\/1"}],"replies":[{"embeddable":true,"href":"https:\/\/amyotgelinas.com\/en\/wp-json\/wp\/v2\/comments?post=5189"}],"version-history":[{"count":4,"href":"https:\/\/amyotgelinas.com\/en\/wp-json\/wp\/v2\/pages\/5189\/revisions"}],"predecessor-version":[{"id":5499,"href":"https:\/\/amyotgelinas.com\/en\/wp-json\/wp\/v2\/pages\/5189\/revisions\/5499"}],"wp:featuredmedia":[{"embeddable":true,"href":"https:\/\/amyotgelinas.com\/en\/wp-json\/wp\/v2\/media\/5196"}],"wp:attachment":[{"href":"https:\/\/amyotgelinas.com\/en\/wp-json\/wp\/v2\/media?parent=5189"}],"curies":[{"name":"wp","href":"https:\/\/api.w.org\/{rel}","templated":true}]}}