{"id":5284,"date":"2025-09-29T17:52:59","date_gmt":"2025-09-29T21:52:59","guid":{"rendered":"https:\/\/amyotgelinas.com\/our-employees-perspectives\/"},"modified":"2026-02-28T12:01:57","modified_gmt":"2026-02-28T17:01:57","slug":"our-employees-perspectives","status":"publish","type":"page","link":"https:\/\/amyotgelinas.com\/en\/careers\/our-employees-perspectives\/","title":{"rendered":"Our employees&#8217; perspectives"},"content":{"rendered":"\t\t<div data-elementor-type=\"wp-page\" data-elementor-id=\"5284\" class=\"elementor elementor-5284 elementor-103\" data-elementor-post-type=\"page\">\n\t\t\t\t<div data-dce-background-image-url=\"https:\/\/amyotgelinas.com\/wp-content\/uploads\/2025\/11\/forme_bleu.png\" class=\"elementor-element elementor-element-b9117a1 e-flex e-con-boxed e-con e-parent\" data-id=\"b9117a1\" data-element_type=\"container\" data-e-type=\"container\" data-settings=\"{&quot;background_background&quot;:&quot;classic&quot;,&quot;shape_divider_top&quot;:&quot;arrow&quot;}\">\n\t\t\t\t\t<div class=\"e-con-inner\">\n\t\t\t\t<div class=\"elementor-shape elementor-shape-top\" aria-hidden=\"true\" data-negative=\"false\">\n\t\t\t<svg xmlns=\"http:\/\/www.w3.org\/2000\/svg\" viewBox=\"0 0 700 10\" preserveAspectRatio=\"none\">\n\t<path class=\"elementor-shape-fill\" d=\"M350,10L340,0h20L350,10z\"\/>\n<\/svg>\t\t<\/div>\n\t\t<div class=\"elementor-element elementor-element-472afa3 e-con-full e-flex e-con e-child\" data-id=\"472afa3\" data-element_type=\"container\" data-e-type=\"container\">\n\t\t\t\t<div data-dce-title-color=\"#00263D\" class=\"elementor-element elementor-element-467ef97 elementor-widget elementor-widget-heading\" data-id=\"467ef97\" data-element_type=\"widget\" data-e-type=\"widget\" data-widget_type=\"heading.default\">\n\t\t\t\t<div class=\"elementor-widget-container\">\n\t\t\t\t\t<h2 class=\"elementor-heading-title elementor-size-default\">Because nothing is more credible than what our employees think<\/h2>\t\t\t\t<\/div>\n\t\t\t\t<\/div>\n\t\t\t\t<div class=\"elementor-element elementor-element-a44aed4 elementor-widget elementor-widget-text-editor\" data-id=\"a44aed4\" data-element_type=\"widget\" data-e-type=\"widget\" data-widget_type=\"text-editor.default\">\n\t\t\t\t<div class=\"elementor-widget-container\">\n\t\t\t\t\t\t\t\t\t<p>Discover the perspective of some of our employees, from different departments and offices across the Laurentians and Lanaudi\u00e8re.<\/p>\t\t\t\t\t\t\t\t<\/div>\n\t\t\t\t<\/div>\n\t\t\t\t<div class=\"elementor-element elementor-element-dfad040 elementor-widget elementor-widget-button\" data-id=\"dfad040\" data-element_type=\"widget\" data-e-type=\"widget\" data-widget_type=\"button.default\">\n\t\t\t\t<div class=\"elementor-widget-container\">\n\t\t\t\t\t\t\t\t\t<div class=\"elementor-button-wrapper\">\n\t\t\t\t\t<a class=\"elementor-button elementor-button-link elementor-size-sm elementor-animation-float\" href=\"https:\/\/amyotgelinas.com\/services\/services-aux-entreprises-privees\/\">\n\t\t\t\t\t\t<span class=\"elementor-button-content-wrapper\">\n\t\t\t\t\t\t\t\t\t<span class=\"elementor-button-text\">Discover our services<\/span>\n\t\t\t\t\t<\/span>\n\t\t\t\t\t<\/a>\n\t\t\t\t<\/div>\n\t\t\t\t\t\t\t\t<\/div>\n\t\t\t\t<\/div>\n\t\t\t\t<div class=\"elementor-element elementor-element-f3ef122 elementor-absolute dce_masking-none elementor-widget elementor-widget-image\" data-id=\"f3ef122\" data-element_type=\"widget\" data-e-type=\"widget\" data-settings=\"{&quot;_position&quot;:&quot;absolute&quot;,&quot;motion_fx_motion_fx_scrolling&quot;:&quot;yes&quot;,&quot;motion_fx_translateX_effect&quot;:&quot;yes&quot;,&quot;motion_fx_translateX_direction&quot;:&quot;negative&quot;,&quot;motion_fx_translateX_speed&quot;:{&quot;unit&quot;:&quot;px&quot;,&quot;size&quot;:4,&quot;sizes&quot;:[]},&quot;motion_fx_translateX_affectedRange&quot;:{&quot;unit&quot;:&quot;%&quot;,&quot;size&quot;:&quot;&quot;,&quot;sizes&quot;:{&quot;start&quot;:0,&quot;end&quot;:100}},&quot;motion_fx_devices&quot;:[&quot;desktop&quot;,&quot;tablet&quot;,&quot;mobile&quot;]}\" data-widget_type=\"image.default\">\n\t\t\t\t<div class=\"elementor-widget-container\">\n\t\t\t\t\t\t\t\t\t\t\t\t\t\t\t<img fetchpriority=\"high\" decoding=\"async\" width=\"300\" height=\"212\" src=\"https:\/\/spcdn.shortpixel.ai\/spio\/ret_img,q_cdnize,to_webp,s_webp\/amyotgelinas.com\/wp-content\/uploads\/2025\/11\/forme_jaune_pic_haut-300x212.png\" class=\"attachment-medium size-medium wp-image-5175\" alt=\"yellow shape high peak\" srcset=\"https:\/\/spcdn.shortpixel.ai\/spio\/ret_img,q_cdnize,to_webp,s_webp\/amyotgelinas.com\/wp-content\/uploads\/2025\/11\/forme_jaune_pic_haut-300x212.png 300w, https:\/\/spcdn.shortpixel.ai\/spio\/ret_img,q_cdnize,to_webp,s_webp\/amyotgelinas.com\/wp-content\/uploads\/2025\/11\/forme_jaune_pic_haut-768x542.png 768w, https:\/\/spcdn.shortpixel.ai\/spio\/ret_img,q_cdnize,to_webp,s_webp\/amyotgelinas.com\/wp-content\/uploads\/2025\/11\/forme_jaune_pic_haut.png 826w\" sizes=\"(max-width: 300px) 100vw, 300px\" loading=\"eager\" \/>\t\t\t\t\t\t\t\t\t\t\t\t\t\t\t<\/div>\n\t\t\t\t<\/div>\n\t\t\t\t<\/div>\n\t\t\t\t\t<\/div>\n\t\t\t\t<\/div>\n\t\t<div class=\"elementor-element elementor-element-4900f32 e-con-full e-flex e-con e-parent\" data-id=\"4900f32\" data-element_type=\"container\" data-e-type=\"container\">\n\t\t<div class=\"elementor-element elementor-element-41d6572 e-con-full e-flex e-con e-child\" data-id=\"41d6572\" data-element_type=\"container\" data-e-type=\"container\">\n\t\t\t\t<div data-dce-title-color=\"#FFFFFF\" class=\"elementor-element elementor-element-9b54612 elementor-widget elementor-widget-heading\" data-id=\"9b54612\" data-element_type=\"widget\" data-e-type=\"widget\" data-widget_type=\"heading.default\">\n\t\t\t\t<div class=\"elementor-widget-container\">\n\t\t\t\t\t<h2 class=\"elementor-heading-title elementor-size-default\">From candidate to associate<\/h2>\t\t\t\t<\/div>\n\t\t\t\t<\/div>\n\t\t\t\t<div class=\"elementor-element elementor-element-c0e25a3 elementor-widget elementor-widget-text-editor\" data-id=\"c0e25a3\" data-element_type=\"widget\" data-e-type=\"widget\" data-widget_type=\"text-editor.default\">\n\t\t\t\t<div class=\"elementor-widget-container\">\n\t\t\t\t\t\t\t\t\t<p><em>&#8220;I chose Amyot G\u00e9linas several years ago for my first university internship, and I&#8217;ve never regretted my choice.<\/em><\/p><p><em>Amyot G\u00e9linas offers a stimulating, enriching and inspiring work environment, thanks to the challenges it provides, the varied clientele, the support of each team member, the open-mindedness and the great human qualities. I started out in 2015 as a candidate for the practice of law and worked my way up through the ranks over the years until reaching the position of partner in January 2024. I have always been supported by a wonderful team at every stage of this growth.  <\/em><\/p><p><em>Amyot G\u00e9linas is a firm that evolves over the years, that adapts to today&#8217;s reality and that places a great deal of importance on its employees, making them grow too.&#8221;<\/em><\/p><p><strong>Val\u00e9rie T\u00e9treault , CPA auditor<\/strong><br>Partner &#8211; Certification<\/p>\t\t\t\t\t\t\t\t<\/div>\n\t\t\t\t<\/div>\n\t\t\t\t<\/div>\n\t\t<div class=\"elementor-element elementor-element-ead77f6 e-con-full e-flex e-con e-child\" data-id=\"ead77f6\" data-element_type=\"container\" data-e-type=\"container\">\n\t\t\t\t<div class=\"elementor-element elementor-element-72829f7 dce_masking-none elementor-widget elementor-widget-image\" data-id=\"72829f7\" data-element_type=\"widget\" data-e-type=\"widget\" data-widget_type=\"image.default\">\n\t\t\t\t<div class=\"elementor-widget-container\">\n\t\t\t\t\t\t\t\t\t\t\t\t\t\t\t<img decoding=\"async\" width=\"1200\" height=\"800\" src=\"https:\/\/amyotgelinas.com\/wp-content\/uploads\/2025\/12\/Ambiance.jpg\" class=\"attachment-1536x1536 size-1536x1536 wp-image-5286\" alt=\"Atmosphere\" srcset=\"https:\/\/amyotgelinas.com\/wp-content\/uploads\/2025\/12\/Ambiance.jpg 1200w, https:\/\/amyotgelinas.com\/wp-content\/uploads\/2025\/12\/Ambiance-300x200.jpg 300w, https:\/\/amyotgelinas.com\/wp-content\/uploads\/2025\/12\/Ambiance-1024x683.jpg 1024w, https:\/\/amyotgelinas.com\/wp-content\/uploads\/2025\/12\/Ambiance-768x512.jpg 768w\" sizes=\"(max-width: 1200px) 100vw, 1200px\" loading=\"eager\" \/>\t\t\t\t\t\t\t\t\t\t\t\t\t\t\t<\/div>\n\t\t\t\t<\/div>\n\t\t\t\t<\/div>\n\t\t\t\t<\/div>\n\t\t<div class=\"elementor-element elementor-element-c201ed3 e-con-full e-flex e-con e-parent\" data-id=\"c201ed3\" data-element_type=\"container\" data-e-type=\"container\" data-settings=\"{&quot;background_background&quot;:&quot;classic&quot;}\">\n\t\t<div class=\"elementor-element elementor-element-15761b1 e-con-full e-flex e-con e-child\" data-id=\"15761b1\" data-element_type=\"container\" data-e-type=\"container\">\n\t\t\t\t<div data-dce-title-color=\"#FFFFFF\" class=\"elementor-element elementor-element-4858d33 elementor-widget elementor-widget-heading\" data-id=\"4858d33\" data-element_type=\"widget\" data-e-type=\"widget\" data-widget_type=\"heading.default\">\n\t\t\t\t<div class=\"elementor-widget-container\">\n\t\t\t\t\t<h2 class=\"elementor-heading-title elementor-size-default\">A springboard to professional and personal fulfillment<\/h2>\t\t\t\t<\/div>\n\t\t\t\t<\/div>\n\t\t\t\t<div class=\"elementor-element elementor-element-ea3e6f6 elementor-widget elementor-widget-text-editor\" data-id=\"ea3e6f6\" data-element_type=\"widget\" data-e-type=\"widget\" data-widget_type=\"text-editor.default\">\n\t\t\t\t<div class=\"elementor-widget-container\">\n\t\t\t\t\t\t\t\t\t<p><em>&#8220;Since I joined Amyot G\u00e9linas as a candidate to the profession, I have been taken care of to ensure my academic success and professional development. They have capitalized on my skills as a CPA, but also on my aptitude for information technology. <\/em><\/p><p><em>My firm has allowed me to grow professionally and personally over the years, while making me feel like part of a big family.<\/em><\/p><p><em>Welcome to the world of Amyot G\u00e9linas.&#8221;<\/em><\/p><p><strong>\u00c9ric O&#8217;Neil, CPA<\/strong><br>Assistant Director &#8211; Finance, Administration and Special Projects<\/p>\t\t\t\t\t\t\t\t<\/div>\n\t\t\t\t<\/div>\n\t\t\t\t<\/div>\n\t\t<div class=\"elementor-element elementor-element-78b971b e-con-full e-flex e-con e-child\" data-id=\"78b971b\" data-element_type=\"container\" data-e-type=\"container\">\n\t\t\t\t<div class=\"elementor-element elementor-element-1c95cd1 dce_masking-none elementor-widget elementor-widget-image\" data-id=\"1c95cd1\" data-element_type=\"widget\" data-e-type=\"widget\" data-widget_type=\"image.default\">\n\t\t\t\t<div class=\"elementor-widget-container\">\n\t\t\t\t\t\t\t\t\t\t\t\t\t\t\t<img decoding=\"async\" width=\"1536\" height=\"1024\" src=\"https:\/\/amyotgelinas.com\/wp-content\/uploads\/2025\/12\/Temoignage-1536x1024.jpg\" class=\"attachment-1536x1536 size-1536x1536 wp-image-5287\" alt=\"Testimonial\" srcset=\"https:\/\/amyotgelinas.com\/wp-content\/uploads\/2025\/12\/Temoignage-1536x1024.jpg 1536w, https:\/\/amyotgelinas.com\/wp-content\/uploads\/2025\/12\/Temoignage-300x200.jpg 300w, https:\/\/amyotgelinas.com\/wp-content\/uploads\/2025\/12\/Temoignage-1024x683.jpg 1024w, https:\/\/amyotgelinas.com\/wp-content\/uploads\/2025\/12\/Temoignage-768x512.jpg 768w, https:\/\/amyotgelinas.com\/wp-content\/uploads\/2025\/12\/Temoignage.jpg 1800w\" sizes=\"(max-width: 1536px) 100vw, 1536px\" loading=\"eager\" \/>\t\t\t\t\t\t\t\t\t\t\t\t\t\t\t<\/div>\n\t\t\t\t<\/div>\n\t\t\t\t<div class=\"elementor-element elementor-element-cd951f5 elementor-absolute dce_masking-none elementor-widget elementor-widget-image\" data-id=\"cd951f5\" data-element_type=\"widget\" data-e-type=\"widget\" data-settings=\"{&quot;_position&quot;:&quot;absolute&quot;,&quot;motion_fx_motion_fx_scrolling&quot;:&quot;yes&quot;,&quot;motion_fx_translateX_effect&quot;:&quot;yes&quot;,&quot;motion_fx_translateX_direction&quot;:&quot;negative&quot;,&quot;motion_fx_translateX_speed&quot;:{&quot;unit&quot;:&quot;px&quot;,&quot;size&quot;:4,&quot;sizes&quot;:[]},&quot;motion_fx_translateX_affectedRange&quot;:{&quot;unit&quot;:&quot;%&quot;,&quot;size&quot;:&quot;&quot;,&quot;sizes&quot;:{&quot;start&quot;:0,&quot;end&quot;:100}},&quot;motion_fx_devices&quot;:[&quot;desktop&quot;,&quot;tablet&quot;,&quot;mobile&quot;]}\" data-widget_type=\"image.default\">\n\t\t\t\t<div class=\"elementor-widget-container\">\n\t\t\t\t\t\t\t\t\t\t\t\t\t\t\t<img fetchpriority=\"high\" decoding=\"async\" width=\"300\" height=\"212\" src=\"https:\/\/spcdn.shortpixel.ai\/spio\/ret_img,q_cdnize,to_webp,s_webp\/amyotgelinas.com\/wp-content\/uploads\/2025\/11\/forme_jaune_pic_haut-300x212.png\" class=\"attachment-medium size-medium wp-image-5175\" alt=\"yellow shape high peak\" srcset=\"https:\/\/spcdn.shortpixel.ai\/spio\/ret_img,q_cdnize,to_webp,s_webp\/amyotgelinas.com\/wp-content\/uploads\/2025\/11\/forme_jaune_pic_haut-300x212.png 300w, https:\/\/spcdn.shortpixel.ai\/spio\/ret_img,q_cdnize,to_webp,s_webp\/amyotgelinas.com\/wp-content\/uploads\/2025\/11\/forme_jaune_pic_haut-768x542.png 768w, https:\/\/spcdn.shortpixel.ai\/spio\/ret_img,q_cdnize,to_webp,s_webp\/amyotgelinas.com\/wp-content\/uploads\/2025\/11\/forme_jaune_pic_haut.png 826w\" sizes=\"(max-width: 300px) 100vw, 300px\" loading=\"eager\" \/>\t\t\t\t\t\t\t\t\t\t\t\t\t\t\t<\/div>\n\t\t\t\t<\/div>\n\t\t\t\t<\/div>\n\t\t\t\t<\/div>\n\t\t<div class=\"elementor-element elementor-element-c732ccc e-con-full e-flex e-con e-parent\" data-id=\"c732ccc\" data-element_type=\"container\" data-e-type=\"container\" data-settings=\"{&quot;background_background&quot;:&quot;classic&quot;}\">\n\t\t<div class=\"elementor-element elementor-element-b2faf03 e-con-full e-flex e-con e-child\" data-id=\"b2faf03\" data-element_type=\"container\" data-e-type=\"container\">\n\t\t\t\t<div class=\"elementor-element elementor-element-ae73ffb dce_masking-none elementor-widget elementor-widget-image\" data-id=\"ae73ffb\" data-element_type=\"widget\" data-e-type=\"widget\" data-widget_type=\"image.default\">\n\t\t\t\t<div class=\"elementor-widget-container\">\n\t\t\t\t\t\t\t\t\t\t\t\t\t\t\t<img decoding=\"async\" width=\"1200\" height=\"800\" src=\"https:\/\/amyotgelinas.com\/wp-content\/uploads\/2025\/12\/Reconnaissance.jpg\" class=\"attachment-1536x1536 size-1536x1536 wp-image-5288\" alt=\"Recognition\" srcset=\"https:\/\/amyotgelinas.com\/wp-content\/uploads\/2025\/12\/Reconnaissance.jpg 1200w, https:\/\/amyotgelinas.com\/wp-content\/uploads\/2025\/12\/Reconnaissance-300x200.jpg 300w, https:\/\/amyotgelinas.com\/wp-content\/uploads\/2025\/12\/Reconnaissance-1024x683.jpg 1024w, https:\/\/amyotgelinas.com\/wp-content\/uploads\/2025\/12\/Reconnaissance-768x512.jpg 768w\" sizes=\"(max-width: 1200px) 100vw, 1200px\" loading=\"eager\" \/>\t\t\t\t\t\t\t\t\t\t\t\t\t\t\t<\/div>\n\t\t\t\t<\/div>\n\t\t\t\t<\/div>\n\t\t<div class=\"elementor-element elementor-element-fd6ae1d e-con-full e-flex e-con e-child\" data-id=\"fd6ae1d\" data-element_type=\"container\" data-e-type=\"container\">\n\t\t\t\t<div data-dce-title-color=\"#FFFFFF\" class=\"elementor-element elementor-element-8bd48f9 elementor-widget elementor-widget-heading\" data-id=\"8bd48f9\" data-element_type=\"widget\" data-e-type=\"widget\" data-widget_type=\"heading.default\">\n\t\t\t\t<div class=\"elementor-widget-container\">\n\t\t\t\t\t<h2 class=\"elementor-heading-title elementor-size-default\">To grow professionally over time<\/h2>\t\t\t\t<\/div>\n\t\t\t\t<\/div>\n\t\t\t\t<div class=\"elementor-element elementor-element-1e2610d elementor-widget elementor-widget-text-editor\" data-id=\"1e2610d\" data-element_type=\"widget\" data-e-type=\"widget\" data-widget_type=\"text-editor.default\">\n\t\t\t\t<div class=\"elementor-widget-container\">\n\t\t\t\t\t\t\t\t\t<p><em>&#8221; <\/em><em>My career at Amyot G\u00e9linas began in January 2006, as a reception assistant. I was quickly trusted and given the opportunity to take on new responsibilities, with training and coaching from my colleagues. This has enabled me to grow professionally, evolve and take on new challenges year after year. Today, as coordinator, I have the pleasure of being part of the internal human resources team and welcoming new recruits at the start of their careers&#8230;<\/em><\/p><p><em>I&#8217;m proud to be part of this great family, where teamwork is at the heart of everything!&#8221;<\/em><\/p><p><strong>Jos\u00e9e Ross<\/strong><br>Human Resources Coordinator<\/p>\t\t\t\t\t\t\t\t<\/div>\n\t\t\t\t<\/div>\n\t\t\t\t<\/div>\n\t\t\t\t<\/div>\n\t\t<div data-dce-background-image-url=\"https:\/\/amyotgelinas.com\/wp-content\/uploads\/2025\/11\/fond-banniere-texte-1.png\" class=\"elementor-element elementor-element-ac6e992 e-flex e-con-boxed e-con e-parent\" data-id=\"ac6e992\" data-element_type=\"container\" data-e-type=\"container\" data-settings=\"{&quot;background_background&quot;:&quot;classic&quot;}\">\n\t\t\t\t\t<div class=\"e-con-inner\">\n\t\t<div class=\"elementor-element elementor-element-36dce77 e-con-full e-flex e-con e-child\" data-id=\"36dce77\" data-element_type=\"container\" data-e-type=\"container\">\n\t\t\t\t<div data-dce-title-color=\"#FFFFFF\" class=\"elementor-element elementor-element-961a001 elementor-widget elementor-widget-heading\" data-id=\"961a001\" data-element_type=\"widget\" data-e-type=\"widget\" data-widget_type=\"heading.default\">\n\t\t\t\t<div class=\"elementor-widget-container\">\n\t\t\t\t\t<h2 class=\"elementor-heading-title elementor-size-default\">Every cabinet member counts!<\/h2>\t\t\t\t<\/div>\n\t\t\t\t<\/div>\n\t\t\t\t<div class=\"elementor-element elementor-element-7430bda elementor-widget elementor-widget-text-editor\" data-id=\"7430bda\" data-element_type=\"widget\" data-e-type=\"widget\" data-widget_type=\"text-editor.default\">\n\t\t\t\t<div class=\"elementor-widget-container\">\n\t\t\t\t\t\t\t\t\t<p><em>&#8220;To be part of the Amyot G\u00e9linas team is to be part of a team that takes our personal and professional success to heart. It&#8217;s a team with great expertise and a strong desire to share, which enables me to learn more every day. <\/em><\/p>\n<p><em>Each employee is an important member of the Amyot G\u00e9linas family.&#8221;<\/em><\/p>\n<p><strong>Dominique Labelle, LL.M. Fisc.<\/strong><br>Director &#8211; Taxation<\/p>\t\t\t\t\t\t\t\t<\/div>\n\t\t\t\t<\/div>\n\t\t\t\t<div class=\"elementor-element elementor-element-b2248ca elementor-align-center elementor-mobile-align-center elementor-widget elementor-widget-button\" data-id=\"b2248ca\" data-element_type=\"widget\" data-e-type=\"widget\" data-widget_type=\"button.default\">\n\t\t\t\t<div class=\"elementor-widget-container\">\n\t\t\t\t\t\t\t\t\t<div class=\"elementor-button-wrapper\">\n\t\t\t\t\t<a class=\"elementor-button elementor-button-link elementor-size-sm elementor-animation-float\" href=\"https:\/\/amyotgelinas.com\/en\/careers\/all-available-jobs\/\">\n\t\t\t\t\t\t<span class=\"elementor-button-content-wrapper\">\n\t\t\t\t\t\t\t\t\t<span class=\"elementor-button-text\">Join our team<\/span>\n\t\t\t\t\t<\/span>\n\t\t\t\t\t<\/a>\n\t\t\t\t<\/div>\n\t\t\t\t\t\t\t\t<\/div>\n\t\t\t\t<\/div>\n\t\t\t\t<\/div>\n\t\t\t\t\t<\/div>\n\t\t\t\t<\/div>\n\t\t\t\t<\/div>\n\t\t","protected":false},"excerpt":{"rendered":"<p>Because nothing is more credible than what our employees think Discover the perspective of some of our employees, from different departments and offices across the Laurentians and Lanaudi\u00e8re. Discover our services From candidate to associate &#8220;I chose Amyot G\u00e9linas several years ago for my first university internship, and I&#8217;ve never regretted my choice. Amyot G\u00e9linas [&hellip;]<\/p>\n","protected":false},"author":1,"featured_media":4723,"parent":5321,"menu_order":0,"comment_status":"closed","ping_status":"closed","template":"","meta":{"_acf_changed":false,"footnotes":""},"class_list":["post-5284","page","type-page","status-publish","has-post-thumbnail","hentry"],"acf":[],"_links":{"self":[{"href":"https:\/\/amyotgelinas.com\/en\/wp-json\/wp\/v2\/pages\/5284","targetHints":{"allow":["GET"]}}],"collection":[{"href":"https:\/\/amyotgelinas.com\/en\/wp-json\/wp\/v2\/pages"}],"about":[{"href":"https:\/\/amyotgelinas.com\/en\/wp-json\/wp\/v2\/types\/page"}],"author":[{"embeddable":true,"href":"https:\/\/amyotgelinas.com\/en\/wp-json\/wp\/v2\/users\/1"}],"replies":[{"embeddable":true,"href":"https:\/\/amyotgelinas.com\/en\/wp-json\/wp\/v2\/comments?post=5284"}],"version-history":[{"count":3,"href":"https:\/\/amyotgelinas.com\/en\/wp-json\/wp\/v2\/pages\/5284\/revisions"}],"predecessor-version":[{"id":5536,"href":"https:\/\/amyotgelinas.com\/en\/wp-json\/wp\/v2\/pages\/5284\/revisions\/5536"}],"up":[{"embeddable":true,"href":"https:\/\/amyotgelinas.com\/en\/wp-json\/wp\/v2\/pages\/5321"}],"wp:featuredmedia":[{"embeddable":true,"href":"https:\/\/amyotgelinas.com\/en\/wp-json\/wp\/v2\/media\/4723"}],"wp:attachment":[{"href":"https:\/\/amyotgelinas.com\/en\/wp-json\/wp\/v2\/media?parent=5284"}],"curies":[{"name":"wp","href":"https:\/\/api.w.org\/{rel}","templated":true}]}}